{"id":548,"date":"2025-02-16T21:41:02","date_gmt":"2025-02-16T20:41:02","guid":{"rendered":"https:\/\/www.cvbroker.es\/wp\/?page_id=548"},"modified":"2025-03-27T19:28:58","modified_gmt":"2025-03-27T18:28:58","slug":"politica-de-privacidad","status":"publish","type":"page","link":"https:\/\/www.cvbroker.es\/en\/politica-de-privacidad\/","title":{"rendered":"Pol\u00edtica de privacidad"},"content":{"rendered":"\t\t<div data-elementor-type=\"wp-page\" data-elementor-id=\"548\" class=\"elementor elementor-548\" data-elementor-post-type=\"page\">\n\t\t\t\t<div class=\"elementor-element elementor-element-394601a e-flex e-con-boxed e-con e-parent\" data-id=\"394601a\" data-element_type=\"container\" data-settings=\"{&quot;background_background&quot;:&quot;classic&quot;,&quot;background_motion_fx_motion_fx_mouse&quot;:&quot;yes&quot;,&quot;background_motion_fx_mouseTrack_effect&quot;:&quot;yes&quot;,&quot;background_motion_fx_mouseTrack_direction&quot;:&quot;negative&quot;,&quot;background_motion_fx_mouseTrack_speed&quot;:{&quot;unit&quot;:&quot;px&quot;,&quot;size&quot;:2.8,&quot;sizes&quot;:[]}}\">\n\t\t\t\t\t<div class=\"e-con-inner\">\n\t\t<div class=\"elementor-element elementor-element-868426c e-flex e-con-boxed e-con e-child\" data-id=\"868426c\" data-element_type=\"container\" data-settings=\"{&quot;motion_fx_motion_fx_scrolling&quot;:&quot;yes&quot;,&quot;motion_fx_translateY_effect&quot;:&quot;yes&quot;,&quot;motion_fx_translateY_speed&quot;:{&quot;unit&quot;:&quot;px&quot;,&quot;size&quot;:4,&quot;sizes&quot;:[]},&quot;motion_fx_translateY_affectedRange&quot;:{&quot;unit&quot;:&quot;%&quot;,&quot;size&quot;:&quot;&quot;,&quot;sizes&quot;:{&quot;start&quot;:0,&quot;end&quot;:100}},&quot;motion_fx_devices&quot;:[&quot;desktop&quot;,&quot;tablet&quot;,&quot;mobile&quot;]}\">\n\t\t\t\t\t<div class=\"e-con-inner\">\n\t\t\t\t<div class=\"elementor-element elementor-element-85aa6c7 elementor-widget elementor-widget-heading\" data-id=\"85aa6c7\" data-element_type=\"widget\" data-widget_type=\"heading.default\">\n\t\t\t\t<div class=\"elementor-widget-container\">\n\t\t\t\t\t<h2 class=\"elementor-heading-title elementor-size-default\">POL\u00cdTICA DE PRIVACIDAD<\/h2>\t\t\t\t<\/div>\n\t\t\t\t<\/div>\n\t\t\t\t<div class=\"elementor-element elementor-element-9791f92 elementor-widget elementor-widget-text-editor\" data-id=\"9791f92\" data-element_type=\"widget\" data-widget_type=\"text-editor.default\">\n\t\t\t\t<div class=\"elementor-widget-container\">\n\t\t\t\t\t\t\t\t\t<p><strong>1.\u2060 \u2060NOTA PREVIA<\/strong><br \/>Por el mero hecho de visitar este sitio web no se registra autom\u00e1ticamente ning\u00fan dato de car\u00e1cter personal que identifique al usuario. No obstante, se puede recoger cierta informaci\u00f3n de car\u00e1cter no personal (como el tipo de navegador, sistema operativo o direcci\u00f3n IP) con el fin de mejorar la experiencia de navegaci\u00f3n y la gesti\u00f3n del sitio.<\/p><p>Para utilizar determinados contenidos o servicios, <em>CV BROKER BUSINESS &amp; LEGAL SOLUTIONS SL<\/em> podr\u00e1 requerir ciertos datos personales, informando previamente al usuario y solicitando su consentimiento cuando sea necesario.<\/p><p><strong>2.\u2060 \u2060INFORMACI\u00d3N DETALLADA SOBRE PROTECCI\u00d3N DE DATOS<\/strong><\/p><p><br \/>A. Responsable del tratamiento<\/p><ul><li>CV BROKER BUSINESS &amp; LEGAL SOLUTIONS SL<\/li><li>NIF: B67494070<\/li><li>Domicilio: C\/<\/li><li>Catalina Gibaja 7,<\/li><li>Local \u2013 48530 Ortuella, Vizcaya<\/li><li>Correo electr\u00f3nico: info@cvbroker.es<\/li><\/ul><p>B. Finalidad del tratamiento de datos<br \/>Tratamos sus datos personales para las siguientes finalidades:<\/p><p>Gesti\u00f3n administrativa y prestaci\u00f3n de los servicios solicitados.<\/p><p>Mejora de la calidad del servicio mediante encuestas, estudios de satisfacci\u00f3n o fidelizaci\u00f3n.<\/p><p>Cumplimiento de obligaciones legales, contables y fiscales.<\/p><p>Env\u00edo de informaci\u00f3n sobre productos o servicios relacionados con nuestra actividad, por cualquier medio.<\/p><p>Gesti\u00f3n de posibles procesos de selecci\u00f3n o colaboraci\u00f3n profesional.<\/p><p>Garantizar la seguridad mediante sistemas de videovigilancia, si corresponde.<\/p><p>C. Base jur\u00eddica del tratamiento<br \/>Ejecuci\u00f3n de un contrato o relaci\u00f3n comercial.<\/p><p>Consentimiento del interesado.<\/p><p>Cumplimiento de obligaciones legales.<\/p><p>Inter\u00e9s leg\u00edtimo del responsable para mejorar servicios y mantener informado al usuario.<\/p><p>D. Destinatarios de los datos<br \/>No se ceder\u00e1n datos a terceros salvo obligaci\u00f3n legal o cuando sea necesario para la ejecuci\u00f3n del servicio (por ejemplo, proveedores tecnol\u00f3gicos, asesor\u00edas fiscales o entidades bancarias).<\/p><p>E. Conservaci\u00f3n de los datos<br \/>Los datos personales se conservar\u00e1n durante la vigencia de la relaci\u00f3n contractual y, posteriormente, durante los plazos legalmente establecidos. Una vez transcurridos estos plazos, los datos ser\u00e1n eliminados de forma segura o anonimizados con fines estad\u00edsticos.<\/p><p>F. Derechos del usuario<br \/>Puedes ejercer tus derechos de:<\/p><ul><li>Acceso<\/li><li>Rectificaci\u00f3n<\/li><li>Supresi\u00f3n<\/li><li>Limitaci\u00f3n del tratamiento<\/li><li>Oposici\u00f3n<\/li><li>Portabilidad de los datos<\/li><li>Dirigi\u00e9ndote a:<\/li><li>Por correo postal: C\/ Catalina Gibaja 7, Local \u2013 48530 Ortuella, Vizcaya<\/li><li>Por correo electr\u00f3nico: info@cvbroker.es<\/li><\/ul><p>Acompa\u00f1ando una copia de tu DNI o documento equivalente. Tambi\u00e9n puedes presentar una reclamaci\u00f3n ante la Agencia Espa\u00f1ola de Protecci\u00f3n de Datos: www.aepd.es.<\/p>\t\t\t\t\t\t\t\t<\/div>\n\t\t\t\t<\/div>\n\t\t\t\t\t<\/div>\n\t\t\t\t<\/div>\n\t\t\t\t\t<\/div>\n\t\t\t\t<\/div>\n\t\t\t\t<\/div>\n\t\t","protected":false},"excerpt":{"rendered":"<p>POL\u00cdTICA DE PRIVACIDAD 1.\u2060 \u2060NOTA PREVIAPor el mero hecho de visitar este sitio web no se registra autom\u00e1ticamente ning\u00fan dato [&hellip;]<\/p>\n","protected":false},"author":1,"featured_media":0,"parent":0,"menu_order":0,"comment_status":"closed","ping_status":"closed","template":"","meta":{"site-sidebar-layout":"no-sidebar","site-content-layout":"","ast-site-content-layout":"full-width-container","site-content-style":"default","site-sidebar-style":"default","ast-global-header-display":"","ast-banner-title-visibility":"","ast-main-header-display":"","ast-hfb-above-header-display":"","ast-hfb-below-header-display":"","ast-hfb-mobile-header-display":"","site-post-title":"disabled","ast-breadcrumbs-content":"","ast-featured-img":"disabled","footer-sml-layout":"","ast-disable-related-posts":"","theme-transparent-header-meta":"","adv-header-id-meta":"","stick-header-meta":"","header-above-stick-meta":"","header-main-stick-meta":"","header-below-stick-meta":"","astra-migrate-meta-layouts":"default","ast-page-background-enabled":"default","ast-page-background-meta":{"desktop":{"background-color":"var(--ast-global-color-5)","background-image":"","background-repeat":"repeat","background-position":"center center","background-size":"auto","background-attachment":"scroll","background-type":"","background-media":"","overlay-type":"","overlay-color":"","overlay-opacity":"","overlay-gradient":""},"tablet":{"background-color":"","background-image":"","background-repeat":"repeat","background-position":"center center","background-size":"auto","background-attachment":"scroll","background-type":"","background-media":"","overlay-type":"","overlay-color":"","overlay-opacity":"","overlay-gradient":""},"mobile":{"background-color":"","background-image":"","background-repeat":"repeat","background-position":"center center","background-size":"auto","background-attachment":"scroll","background-type":"","background-media":"","overlay-type":"","overlay-color":"","overlay-opacity":"","overlay-gradient":""}},"ast-content-background-meta":{"desktop":{"background-color":"var(--ast-global-color-4)","background-image":"","background-repeat":"repeat","background-position":"center center","background-size":"auto","background-attachment":"scroll","background-type":"","background-media":"","overlay-type":"","overlay-color":"","overlay-opacity":"","overlay-gradient":""},"tablet":{"background-color":"var(--ast-global-color-4)","background-image":"","background-repeat":"repeat","background-position":"center center","background-size":"auto","background-attachment":"scroll","background-type":"","background-media":"","overlay-type":"","overlay-color":"","overlay-opacity":"","overlay-gradient":""},"mobile":{"background-color":"var(--ast-global-color-4)","background-image":"","background-repeat":"repeat","background-position":"center center","background-size":"auto","background-attachment":"scroll","background-type":"","background-media":"","overlay-type":"","overlay-color":"","overlay-opacity":"","overlay-gradient":""}},"footnotes":""},"class_list":["post-548","page","type-page","status-publish","hentry"],"yoast_head":"<!-- This site is optimized with the Yoast SEO plugin v26.8 - https:\/\/yoast.com\/product\/yoast-seo-wordpress\/ -->\n<title>Pol\u00edtica de privacidad - CV Broker<\/title>\n<meta name=\"robots\" content=\"index, follow, max-snippet:-1, max-image-preview:large, max-video-preview:-1\" \/>\n<link rel=\"canonical\" href=\"https:\/\/www.cvbroker.es\/en\/politica-de-privacidad\/\" \/>\n<meta property=\"og:locale\" content=\"en_US\" \/>\n<meta property=\"og:locale:alternate\" content=\"es_ES\" \/>\n<meta property=\"og:type\" content=\"article\" \/>\n<meta property=\"og:title\" content=\"Pol\u00edtica de privacidad - CV Broker\" \/>\n<meta property=\"og:description\" content=\"POL\u00cdTICA DE PRIVACIDAD 1.\u2060 \u2060NOTA PREVIAPor el mero hecho de visitar este sitio web no se registra autom\u00e1ticamente ning\u00fan dato [&hellip;]\" \/>\n<meta property=\"og:url\" content=\"https:\/\/www.cvbroker.es\/en\/politica-de-privacidad\/\" \/>\n<meta property=\"og:site_name\" content=\"CV Broker\" \/>\n<meta property=\"article:modified_time\" content=\"2025-03-27T18:28:58+00:00\" \/>\n<meta name=\"twitter:card\" content=\"summary_large_image\" \/>\n<meta name=\"twitter:label1\" content=\"Est. reading time\" \/>\n\t<meta name=\"twitter:data1\" content=\"2 minutes\" \/>\n<script type=\"application\/ld+json\" class=\"yoast-schema-graph\">{\"@context\":\"https:\/\/schema.org\",\"@graph\":[{\"@type\":\"WebPage\",\"@id\":\"https:\/\/www.cvbroker.es\/politica-de-privacidad\/\",\"url\":\"https:\/\/www.cvbroker.es\/politica-de-privacidad\/\",\"name\":\"Pol\u00edtica de privacidad - CV Broker\",\"isPartOf\":{\"@id\":\"https:\/\/www.cvbroker.es\/#website\"},\"datePublished\":\"2025-02-16T20:41:02+00:00\",\"dateModified\":\"2025-03-27T18:28:58+00:00\",\"breadcrumb\":{\"@id\":\"https:\/\/www.cvbroker.es\/politica-de-privacidad\/#breadcrumb\"},\"inLanguage\":\"en-US\",\"potentialAction\":[{\"@type\":\"ReadAction\",\"target\":[\"https:\/\/www.cvbroker.es\/politica-de-privacidad\/\"]}]},{\"@type\":\"BreadcrumbList\",\"@id\":\"https:\/\/www.cvbroker.es\/politica-de-privacidad\/#breadcrumb\",\"itemListElement\":[{\"@type\":\"ListItem\",\"position\":1,\"name\":\"Portada\",\"item\":\"https:\/\/www.cvbroker.es\/\"},{\"@type\":\"ListItem\",\"position\":2,\"name\":\"Pol\u00edtica de privacidad\"}]},{\"@type\":\"WebSite\",\"@id\":\"https:\/\/www.cvbroker.es\/#website\",\"url\":\"https:\/\/www.cvbroker.es\/\",\"name\":\"CV Broker\",\"description\":\"CVBroker ofrece asesoramiento profesional y soluciones especializadas en gesti\u00f3n, consultor\u00eda y servicios corporativos. Conoce nuestros servicios y colaboradores.\",\"publisher\":{\"@id\":\"https:\/\/www.cvbroker.es\/#organization\"},\"potentialAction\":[{\"@type\":\"SearchAction\",\"target\":{\"@type\":\"EntryPoint\",\"urlTemplate\":\"https:\/\/www.cvbroker.es\/?s={search_term_string}\"},\"query-input\":{\"@type\":\"PropertyValueSpecification\",\"valueRequired\":true,\"valueName\":\"search_term_string\"}}],\"inLanguage\":\"en-US\"},{\"@type\":\"Organization\",\"@id\":\"https:\/\/www.cvbroker.es\/#organization\",\"name\":\"CV Broker\",\"url\":\"https:\/\/www.cvbroker.es\/\",\"logo\":{\"@type\":\"ImageObject\",\"inLanguage\":\"en-US\",\"@id\":\"https:\/\/www.cvbroker.es\/#\/schema\/logo\/image\/\",\"url\":\"https:\/\/www.cvbroker.es\/wp-content\/uploads\/2025\/02\/Recurso-5-100.jpg\",\"contentUrl\":\"https:\/\/www.cvbroker.es\/wp-content\/uploads\/2025\/02\/Recurso-5-100.jpg\",\"width\":275,\"height\":275,\"caption\":\"CV Broker\"},\"image\":{\"@id\":\"https:\/\/www.cvbroker.es\/#\/schema\/logo\/image\/\"}}]}<\/script>\n<!-- \/ Yoast SEO plugin. -->","yoast_head_json":{"title":"Pol\u00edtica de privacidad - CV Broker","robots":{"index":"index","follow":"follow","max-snippet":"max-snippet:-1","max-image-preview":"max-image-preview:large","max-video-preview":"max-video-preview:-1"},"canonical":"https:\/\/www.cvbroker.es\/en\/politica-de-privacidad\/","og_locale":"en_US","og_type":"article","og_title":"Pol\u00edtica de privacidad - CV Broker","og_description":"POL\u00cdTICA DE PRIVACIDAD 1.\u2060 \u2060NOTA PREVIAPor el mero hecho de visitar este sitio web no se registra autom\u00e1ticamente ning\u00fan dato [&hellip;]","og_url":"https:\/\/www.cvbroker.es\/en\/politica-de-privacidad\/","og_site_name":"CV Broker","article_modified_time":"2025-03-27T18:28:58+00:00","twitter_card":"summary_large_image","twitter_misc":{"Est. reading time":"2 minutes"},"schema":{"@context":"https:\/\/schema.org","@graph":[{"@type":"WebPage","@id":"https:\/\/www.cvbroker.es\/politica-de-privacidad\/","url":"https:\/\/www.cvbroker.es\/politica-de-privacidad\/","name":"Pol\u00edtica de privacidad - CV Broker","isPartOf":{"@id":"https:\/\/www.cvbroker.es\/#website"},"datePublished":"2025-02-16T20:41:02+00:00","dateModified":"2025-03-27T18:28:58+00:00","breadcrumb":{"@id":"https:\/\/www.cvbroker.es\/politica-de-privacidad\/#breadcrumb"},"inLanguage":"en-US","potentialAction":[{"@type":"ReadAction","target":["https:\/\/www.cvbroker.es\/politica-de-privacidad\/"]}]},{"@type":"BreadcrumbList","@id":"https:\/\/www.cvbroker.es\/politica-de-privacidad\/#breadcrumb","itemListElement":[{"@type":"ListItem","position":1,"name":"Portada","item":"https:\/\/www.cvbroker.es\/"},{"@type":"ListItem","position":2,"name":"Pol\u00edtica de privacidad"}]},{"@type":"WebSite","@id":"https:\/\/www.cvbroker.es\/#website","url":"https:\/\/www.cvbroker.es\/","name":"CV Broker","description":"CVBroker ofrece asesoramiento profesional y soluciones especializadas en gesti\u00f3n, consultor\u00eda y servicios corporativos. Conoce nuestros servicios y colaboradores.","publisher":{"@id":"https:\/\/www.cvbroker.es\/#organization"},"potentialAction":[{"@type":"SearchAction","target":{"@type":"EntryPoint","urlTemplate":"https:\/\/www.cvbroker.es\/?s={search_term_string}"},"query-input":{"@type":"PropertyValueSpecification","valueRequired":true,"valueName":"search_term_string"}}],"inLanguage":"en-US"},{"@type":"Organization","@id":"https:\/\/www.cvbroker.es\/#organization","name":"CV Broker","url":"https:\/\/www.cvbroker.es\/","logo":{"@type":"ImageObject","inLanguage":"en-US","@id":"https:\/\/www.cvbroker.es\/#\/schema\/logo\/image\/","url":"https:\/\/www.cvbroker.es\/wp-content\/uploads\/2025\/02\/Recurso-5-100.jpg","contentUrl":"https:\/\/www.cvbroker.es\/wp-content\/uploads\/2025\/02\/Recurso-5-100.jpg","width":275,"height":275,"caption":"CV Broker"},"image":{"@id":"https:\/\/www.cvbroker.es\/#\/schema\/logo\/image\/"}}]}},"_links":{"self":[{"href":"https:\/\/www.cvbroker.es\/en\/wp-json\/wp\/v2\/pages\/548","targetHints":{"allow":["GET"]}}],"collection":[{"href":"https:\/\/www.cvbroker.es\/en\/wp-json\/wp\/v2\/pages"}],"about":[{"href":"https:\/\/www.cvbroker.es\/en\/wp-json\/wp\/v2\/types\/page"}],"author":[{"embeddable":true,"href":"https:\/\/www.cvbroker.es\/en\/wp-json\/wp\/v2\/users\/1"}],"replies":[{"embeddable":true,"href":"https:\/\/www.cvbroker.es\/en\/wp-json\/wp\/v2\/comments?post=548"}],"version-history":[{"count":4,"href":"https:\/\/www.cvbroker.es\/en\/wp-json\/wp\/v2\/pages\/548\/revisions"}],"predecessor-version":[{"id":774,"href":"https:\/\/www.cvbroker.es\/en\/wp-json\/wp\/v2\/pages\/548\/revisions\/774"}],"wp:attachment":[{"href":"https:\/\/www.cvbroker.es\/en\/wp-json\/wp\/v2\/media?parent=548"}],"curies":[{"name":"wp","href":"https:\/\/api.w.org\/{rel}","templated":true}]}}