{"id":552,"date":"2025-02-16T21:42:04","date_gmt":"2025-02-16T20:42:04","guid":{"rendered":"https:\/\/www.cvbroker.es\/wp\/?page_id=552"},"modified":"2025-03-27T19:25:56","modified_gmt":"2025-03-27T18:25:56","slug":"politica-de-cookies","status":"publish","type":"page","link":"https:\/\/www.cvbroker.es\/en\/politica-de-cookies\/","title":{"rendered":"Pol\u00edtica de Cookies"},"content":{"rendered":"\t\t<div data-elementor-type=\"wp-page\" data-elementor-id=\"552\" class=\"elementor elementor-552\" data-elementor-post-type=\"page\">\n\t\t\t\t<div class=\"elementor-element elementor-element-de32198 e-flex e-con-boxed e-con e-parent\" data-id=\"de32198\" data-element_type=\"container\" data-settings=\"{&quot;background_background&quot;:&quot;classic&quot;,&quot;background_motion_fx_motion_fx_mouse&quot;:&quot;yes&quot;,&quot;background_motion_fx_mouseTrack_effect&quot;:&quot;yes&quot;,&quot;background_motion_fx_mouseTrack_direction&quot;:&quot;negative&quot;,&quot;background_motion_fx_mouseTrack_speed&quot;:{&quot;unit&quot;:&quot;px&quot;,&quot;size&quot;:2.8,&quot;sizes&quot;:[]}}\">\n\t\t\t\t\t<div class=\"e-con-inner\">\n\t\t<div class=\"elementor-element elementor-element-26c28fc e-flex e-con-boxed e-con e-child\" data-id=\"26c28fc\" data-element_type=\"container\" data-settings=\"{&quot;motion_fx_motion_fx_scrolling&quot;:&quot;yes&quot;,&quot;motion_fx_translateY_effect&quot;:&quot;yes&quot;,&quot;motion_fx_translateY_speed&quot;:{&quot;unit&quot;:&quot;px&quot;,&quot;size&quot;:4,&quot;sizes&quot;:[]},&quot;motion_fx_translateY_affectedRange&quot;:{&quot;unit&quot;:&quot;%&quot;,&quot;size&quot;:&quot;&quot;,&quot;sizes&quot;:{&quot;start&quot;:0,&quot;end&quot;:100}},&quot;motion_fx_devices&quot;:[&quot;desktop&quot;,&quot;tablet&quot;,&quot;mobile&quot;]}\">\n\t\t\t\t\t<div class=\"e-con-inner\">\n\t\t\t\t<div class=\"elementor-element elementor-element-32392f9 elementor-widget elementor-widget-heading\" data-id=\"32392f9\" data-element_type=\"widget\" data-widget_type=\"heading.default\">\n\t\t\t\t<div class=\"elementor-widget-container\">\n\t\t\t\t\t<h2 class=\"elementor-heading-title elementor-size-default\">POL\u00cdTICA DE COOKIES<\/h2>\t\t\t\t<\/div>\n\t\t\t\t<\/div>\n\t\t\t\t<div class=\"elementor-element elementor-element-e7aabfe elementor-widget elementor-widget-text-editor\" data-id=\"e7aabfe\" data-element_type=\"widget\" data-widget_type=\"text-editor.default\">\n\t\t\t\t<div class=\"elementor-widget-container\">\n\t\t\t\t\t\t\t\t\t<p><strong>1.\u2060 \u2060DEFINICI\u00d3N Y FUNCI\u00d3N DE LAS COOKIES<\/strong><br \/>Una cookie es un fichero que se descarga en tu dispositivo al acceder a determinadas p\u00e1ginas web. Permiten a una p\u00e1gina web, entre otras cosas, almacenar y recuperar informaci\u00f3n sobre los h\u00e1bitos de navegaci\u00f3n del usuario y, dependiendo de la informaci\u00f3n que contengan y de la forma en que utilices tu equipo, pueden utilizarse para reconocerte.<\/p><p><strong>2.\u2060 \u2060\u00bfQU\u00c9 TIPOS DE COOKIES UTILIZA ESTE PORTAL?<\/strong><br \/>Este Portal, titularidad de CV BROKER BUSINESS &amp; LEGAL SOLUTIONS SL, utiliza los siguientes tipos de cookies, ya sean propias o de terceros colaboradores:<\/p><p><span style=\"text-decoration: underline;\">a) Seg\u00fan la entidad que las gestione:<\/span><br \/>Cookies propias: enviadas desde un dominio gestionado por CV BROKER.<\/p><p>Cookies de terceros: enviadas desde un dominio gestionado por otra entidad colaboradora.<\/p><p><span style=\"text-decoration: underline;\">b) Seg\u00fan el plazo de tiempo que permanecen activas:<\/span><br \/>Cookies de sesi\u00f3n: se eliminan al cerrar el navegador.<\/p><p>Cookies persistentes: permanecen en el equipo durante un tiempo determinado.<\/p><p><span style=\"text-decoration: underline;\">c) Seg\u00fan su finalidad:<\/span><br \/><span style=\"text-decoration: underline;\">Cookies t\u00e9cnicas:<\/span> permiten la navegaci\u00f3n y el uso de funcionalidades esenciales.<\/p><p>Cookies de personalizaci\u00f3n: permiten acceder al servicio con caracter\u00edsticas predefinidas (idioma, tipo de navegador, etc.).<\/p><p>Cookies de an\u00e1lisis: utilizadas por CV BROKER y por Google Analytics para medir y analizar el comportamiento de navegaci\u00f3n en el Portal con el objetivo de introducir mejoras.<\/p><p><strong>3.\u2060 \u2060REVOCACI\u00d3N Y ELIMINACI\u00d3N DE COOKIES<\/strong><br \/>Puedes permitir, bloquear o eliminar las cookies instaladas en tu equipo mediante la configuraci\u00f3n de las opciones del navegador que est\u00e9s utilizando. Aqu\u00ed te dejamos enlaces con instrucciones para los navegadores m\u00e1s comunes:<\/p><ul><li>Internet Explorer<\/li><li>Mozilla Firefox<\/li><li>Google Chrome<\/li><li>Safari<\/li><li>Opera<\/li><\/ul><p>Ten en cuenta que la desactivaci\u00f3n de algunas cookies podr\u00eda impedir el funcionamiento correcto de ciertas funcionalidades del sitio web.<\/p><p><strong>4.\u2060 \u2060COOKIES DE TERCEROS<\/strong><br \/><strong>COOKIE DURACI\u00d3N PROVEEDOR DESCRIPCI\u00d3N M\u00c1S INFORMACI\u00d3N<\/strong><\/p><ul><li>_ga 2 a\u00f1os Google Distingue usuarios Google Analytics<\/li><li>_gid 24 horas Google Distingue usuarios Google Analytics<\/li><\/ul>\t\t\t\t\t\t\t\t<\/div>\n\t\t\t\t<\/div>\n\t\t\t\t\t<\/div>\n\t\t\t\t<\/div>\n\t\t\t\t\t<\/div>\n\t\t\t\t<\/div>\n\t\t\t\t<\/div>\n\t\t","protected":false},"excerpt":{"rendered":"<p>POL\u00cdTICA DE COOKIES 1.\u2060 \u2060DEFINICI\u00d3N Y FUNCI\u00d3N DE LAS COOKIESUna cookie es un fichero que se descarga en tu dispositivo [&hellip;]<\/p>\n","protected":false},"author":1,"featured_media":0,"parent":0,"menu_order":0,"comment_status":"closed","ping_status":"closed","template":"","meta":{"site-sidebar-layout":"no-sidebar","site-content-layout":"","ast-site-content-layout":"full-width-container","site-content-style":"default","site-sidebar-style":"default","ast-global-header-display":"","ast-banner-title-visibility":"","ast-main-header-display":"","ast-hfb-above-header-display":"","ast-hfb-below-header-display":"","ast-hfb-mobile-header-display":"","site-post-title":"disabled","ast-breadcrumbs-content":"","ast-featured-img":"disabled","footer-sml-layout":"","ast-disable-related-posts":"","theme-transparent-header-meta":"","adv-header-id-meta":"","stick-header-meta":"","header-above-stick-meta":"","header-main-stick-meta":"","header-below-stick-meta":"","astra-migrate-meta-layouts":"default","ast-page-background-enabled":"default","ast-page-background-meta":{"desktop":{"background-color":"var(--ast-global-color-5)","background-image":"","background-repeat":"repeat","background-position":"center center","background-size":"auto","background-attachment":"scroll","background-type":"","background-media":"","overlay-type":"","overlay-color":"","overlay-opacity":"","overlay-gradient":""},"tablet":{"background-color":"","background-image":"","background-repeat":"repeat","background-position":"center center","background-size":"auto","background-attachment":"scroll","background-type":"","background-media":"","overlay-type":"","overlay-color":"","overlay-opacity":"","overlay-gradient":""},"mobile":{"background-color":"","background-image":"","background-repeat":"repeat","background-position":"center center","background-size":"auto","background-attachment":"scroll","background-type":"","background-media":"","overlay-type":"","overlay-color":"","overlay-opacity":"","overlay-gradient":""}},"ast-content-background-meta":{"desktop":{"background-color":"var(--ast-global-color-4)","background-image":"","background-repeat":"repeat","background-position":"center center","background-size":"auto","background-attachment":"scroll","background-type":"","background-media":"","overlay-type":"","overlay-color":"","overlay-opacity":"","overlay-gradient":""},"tablet":{"background-color":"var(--ast-global-color-4)","background-image":"","background-repeat":"repeat","background-position":"center center","background-size":"auto","background-attachment":"scroll","background-type":"","background-media":"","overlay-type":"","overlay-color":"","overlay-opacity":"","overlay-gradient":""},"mobile":{"background-color":"var(--ast-global-color-4)","background-image":"","background-repeat":"repeat","background-position":"center center","background-size":"auto","background-attachment":"scroll","background-type":"","background-media":"","overlay-type":"","overlay-color":"","overlay-opacity":"","overlay-gradient":""}},"footnotes":""},"class_list":["post-552","page","type-page","status-publish","hentry"],"yoast_head":"<!-- This site is optimized with the Yoast SEO plugin v26.8 - https:\/\/yoast.com\/product\/yoast-seo-wordpress\/ -->\n<title>Pol\u00edtica de Cookies - CV Broker<\/title>\n<meta name=\"robots\" content=\"index, follow, max-snippet:-1, max-image-preview:large, max-video-preview:-1\" \/>\n<link rel=\"canonical\" href=\"https:\/\/www.cvbroker.es\/en\/politica-de-cookies\/\" \/>\n<meta property=\"og:locale\" content=\"en_US\" \/>\n<meta property=\"og:locale:alternate\" content=\"es_ES\" \/>\n<meta property=\"og:type\" content=\"article\" \/>\n<meta property=\"og:title\" content=\"Pol\u00edtica de Cookies - CV Broker\" \/>\n<meta property=\"og:description\" content=\"POL\u00cdTICA DE COOKIES 1.\u2060 \u2060DEFINICI\u00d3N Y FUNCI\u00d3N DE LAS COOKIESUna cookie es un fichero que se descarga en tu dispositivo [&hellip;]\" \/>\n<meta property=\"og:url\" content=\"https:\/\/www.cvbroker.es\/en\/politica-de-cookies\/\" \/>\n<meta property=\"og:site_name\" content=\"CV Broker\" \/>\n<meta property=\"article:modified_time\" content=\"2025-03-27T18:25:56+00:00\" \/>\n<meta name=\"twitter:card\" content=\"summary_large_image\" \/>\n<meta name=\"twitter:label1\" content=\"Est. reading time\" \/>\n\t<meta name=\"twitter:data1\" content=\"2 minutes\" \/>\n<script type=\"application\/ld+json\" class=\"yoast-schema-graph\">{\"@context\":\"https:\/\/schema.org\",\"@graph\":[{\"@type\":\"WebPage\",\"@id\":\"https:\/\/www.cvbroker.es\/politica-de-cookies\/\",\"url\":\"https:\/\/www.cvbroker.es\/politica-de-cookies\/\",\"name\":\"Pol\u00edtica de Cookies - CV Broker\",\"isPartOf\":{\"@id\":\"https:\/\/www.cvbroker.es\/#website\"},\"datePublished\":\"2025-02-16T20:42:04+00:00\",\"dateModified\":\"2025-03-27T18:25:56+00:00\",\"breadcrumb\":{\"@id\":\"https:\/\/www.cvbroker.es\/politica-de-cookies\/#breadcrumb\"},\"inLanguage\":\"en-US\",\"potentialAction\":[{\"@type\":\"ReadAction\",\"target\":[\"https:\/\/www.cvbroker.es\/politica-de-cookies\/\"]}]},{\"@type\":\"BreadcrumbList\",\"@id\":\"https:\/\/www.cvbroker.es\/politica-de-cookies\/#breadcrumb\",\"itemListElement\":[{\"@type\":\"ListItem\",\"position\":1,\"name\":\"Portada\",\"item\":\"https:\/\/www.cvbroker.es\/\"},{\"@type\":\"ListItem\",\"position\":2,\"name\":\"Pol\u00edtica de Cookies\"}]},{\"@type\":\"WebSite\",\"@id\":\"https:\/\/www.cvbroker.es\/#website\",\"url\":\"https:\/\/www.cvbroker.es\/\",\"name\":\"CV Broker\",\"description\":\"CVBroker ofrece asesoramiento profesional y soluciones especializadas en gesti\u00f3n, consultor\u00eda y servicios corporativos. Conoce nuestros servicios y colaboradores.\",\"publisher\":{\"@id\":\"https:\/\/www.cvbroker.es\/#organization\"},\"potentialAction\":[{\"@type\":\"SearchAction\",\"target\":{\"@type\":\"EntryPoint\",\"urlTemplate\":\"https:\/\/www.cvbroker.es\/?s={search_term_string}\"},\"query-input\":{\"@type\":\"PropertyValueSpecification\",\"valueRequired\":true,\"valueName\":\"search_term_string\"}}],\"inLanguage\":\"en-US\"},{\"@type\":\"Organization\",\"@id\":\"https:\/\/www.cvbroker.es\/#organization\",\"name\":\"CV Broker\",\"url\":\"https:\/\/www.cvbroker.es\/\",\"logo\":{\"@type\":\"ImageObject\",\"inLanguage\":\"en-US\",\"@id\":\"https:\/\/www.cvbroker.es\/#\/schema\/logo\/image\/\",\"url\":\"https:\/\/www.cvbroker.es\/wp-content\/uploads\/2025\/02\/Recurso-5-100.jpg\",\"contentUrl\":\"https:\/\/www.cvbroker.es\/wp-content\/uploads\/2025\/02\/Recurso-5-100.jpg\",\"width\":275,\"height\":275,\"caption\":\"CV Broker\"},\"image\":{\"@id\":\"https:\/\/www.cvbroker.es\/#\/schema\/logo\/image\/\"}}]}<\/script>\n<!-- \/ Yoast SEO plugin. -->","yoast_head_json":{"title":"Pol\u00edtica de Cookies - CV Broker","robots":{"index":"index","follow":"follow","max-snippet":"max-snippet:-1","max-image-preview":"max-image-preview:large","max-video-preview":"max-video-preview:-1"},"canonical":"https:\/\/www.cvbroker.es\/en\/politica-de-cookies\/","og_locale":"en_US","og_type":"article","og_title":"Pol\u00edtica de Cookies - CV Broker","og_description":"POL\u00cdTICA DE COOKIES 1.\u2060 \u2060DEFINICI\u00d3N Y FUNCI\u00d3N DE LAS COOKIESUna cookie es un fichero que se descarga en tu dispositivo [&hellip;]","og_url":"https:\/\/www.cvbroker.es\/en\/politica-de-cookies\/","og_site_name":"CV Broker","article_modified_time":"2025-03-27T18:25:56+00:00","twitter_card":"summary_large_image","twitter_misc":{"Est. reading time":"2 minutes"},"schema":{"@context":"https:\/\/schema.org","@graph":[{"@type":"WebPage","@id":"https:\/\/www.cvbroker.es\/politica-de-cookies\/","url":"https:\/\/www.cvbroker.es\/politica-de-cookies\/","name":"Pol\u00edtica de Cookies - CV Broker","isPartOf":{"@id":"https:\/\/www.cvbroker.es\/#website"},"datePublished":"2025-02-16T20:42:04+00:00","dateModified":"2025-03-27T18:25:56+00:00","breadcrumb":{"@id":"https:\/\/www.cvbroker.es\/politica-de-cookies\/#breadcrumb"},"inLanguage":"en-US","potentialAction":[{"@type":"ReadAction","target":["https:\/\/www.cvbroker.es\/politica-de-cookies\/"]}]},{"@type":"BreadcrumbList","@id":"https:\/\/www.cvbroker.es\/politica-de-cookies\/#breadcrumb","itemListElement":[{"@type":"ListItem","position":1,"name":"Portada","item":"https:\/\/www.cvbroker.es\/"},{"@type":"ListItem","position":2,"name":"Pol\u00edtica de Cookies"}]},{"@type":"WebSite","@id":"https:\/\/www.cvbroker.es\/#website","url":"https:\/\/www.cvbroker.es\/","name":"CV Broker","description":"CVBroker ofrece asesoramiento profesional y soluciones especializadas en gesti\u00f3n, consultor\u00eda y servicios corporativos. Conoce nuestros servicios y colaboradores.","publisher":{"@id":"https:\/\/www.cvbroker.es\/#organization"},"potentialAction":[{"@type":"SearchAction","target":{"@type":"EntryPoint","urlTemplate":"https:\/\/www.cvbroker.es\/?s={search_term_string}"},"query-input":{"@type":"PropertyValueSpecification","valueRequired":true,"valueName":"search_term_string"}}],"inLanguage":"en-US"},{"@type":"Organization","@id":"https:\/\/www.cvbroker.es\/#organization","name":"CV Broker","url":"https:\/\/www.cvbroker.es\/","logo":{"@type":"ImageObject","inLanguage":"en-US","@id":"https:\/\/www.cvbroker.es\/#\/schema\/logo\/image\/","url":"https:\/\/www.cvbroker.es\/wp-content\/uploads\/2025\/02\/Recurso-5-100.jpg","contentUrl":"https:\/\/www.cvbroker.es\/wp-content\/uploads\/2025\/02\/Recurso-5-100.jpg","width":275,"height":275,"caption":"CV Broker"},"image":{"@id":"https:\/\/www.cvbroker.es\/#\/schema\/logo\/image\/"}}]}},"_links":{"self":[{"href":"https:\/\/www.cvbroker.es\/en\/wp-json\/wp\/v2\/pages\/552","targetHints":{"allow":["GET"]}}],"collection":[{"href":"https:\/\/www.cvbroker.es\/en\/wp-json\/wp\/v2\/pages"}],"about":[{"href":"https:\/\/www.cvbroker.es\/en\/wp-json\/wp\/v2\/types\/page"}],"author":[{"embeddable":true,"href":"https:\/\/www.cvbroker.es\/en\/wp-json\/wp\/v2\/users\/1"}],"replies":[{"embeddable":true,"href":"https:\/\/www.cvbroker.es\/en\/wp-json\/wp\/v2\/comments?post=552"}],"version-history":[{"count":7,"href":"https:\/\/www.cvbroker.es\/en\/wp-json\/wp\/v2\/pages\/552\/revisions"}],"predecessor-version":[{"id":765,"href":"https:\/\/www.cvbroker.es\/en\/wp-json\/wp\/v2\/pages\/552\/revisions\/765"}],"wp:attachment":[{"href":"https:\/\/www.cvbroker.es\/en\/wp-json\/wp\/v2\/media?parent=552"}],"curies":[{"name":"wp","href":"https:\/\/api.w.org\/{rel}","templated":true}]}}