{"id":554,"date":"2025-02-16T21:42:18","date_gmt":"2025-02-16T20:42:18","guid":{"rendered":"https:\/\/www.cvbroker.es\/wp\/?page_id=554"},"modified":"2025-03-27T19:26:21","modified_gmt":"2025-03-27T18:26:21","slug":"aviso-legal","status":"publish","type":"page","link":"https:\/\/www.cvbroker.es\/en\/aviso-legal\/","title":{"rendered":"Aviso Legal"},"content":{"rendered":"\t\t<div data-elementor-type=\"wp-page\" data-elementor-id=\"554\" class=\"elementor elementor-554\" data-elementor-post-type=\"page\">\n\t\t\t\t<div class=\"elementor-element elementor-element-5464475 e-flex e-con-boxed e-con e-parent\" data-id=\"5464475\" data-element_type=\"container\" data-settings=\"{&quot;background_background&quot;:&quot;classic&quot;,&quot;background_motion_fx_motion_fx_mouse&quot;:&quot;yes&quot;,&quot;background_motion_fx_mouseTrack_effect&quot;:&quot;yes&quot;,&quot;background_motion_fx_mouseTrack_direction&quot;:&quot;negative&quot;,&quot;background_motion_fx_mouseTrack_speed&quot;:{&quot;unit&quot;:&quot;px&quot;,&quot;size&quot;:2.8,&quot;sizes&quot;:[]}}\">\n\t\t\t\t\t<div class=\"e-con-inner\">\n\t\t<div class=\"elementor-element elementor-element-c502482 e-flex e-con-boxed e-con e-child\" data-id=\"c502482\" data-element_type=\"container\" data-settings=\"{&quot;motion_fx_motion_fx_scrolling&quot;:&quot;yes&quot;,&quot;motion_fx_translateY_effect&quot;:&quot;yes&quot;,&quot;motion_fx_translateY_speed&quot;:{&quot;unit&quot;:&quot;px&quot;,&quot;size&quot;:4,&quot;sizes&quot;:[]},&quot;motion_fx_translateY_affectedRange&quot;:{&quot;unit&quot;:&quot;%&quot;,&quot;size&quot;:&quot;&quot;,&quot;sizes&quot;:{&quot;start&quot;:0,&quot;end&quot;:100}},&quot;motion_fx_devices&quot;:[&quot;desktop&quot;,&quot;tablet&quot;,&quot;mobile&quot;]}\">\n\t\t\t\t\t<div class=\"e-con-inner\">\n\t\t\t\t<div class=\"elementor-element elementor-element-0f5a016 elementor-widget elementor-widget-heading\" data-id=\"0f5a016\" data-element_type=\"widget\" data-widget_type=\"heading.default\">\n\t\t\t\t<div class=\"elementor-widget-container\">\n\t\t\t\t\t<h2 class=\"elementor-heading-title elementor-size-default\">AVISO LEGAL<\/h2>\t\t\t\t<\/div>\n\t\t\t\t<\/div>\n\t\t\t\t<div class=\"elementor-element elementor-element-83a2aa0 elementor-widget elementor-widget-text-editor\" data-id=\"83a2aa0\" data-element_type=\"widget\" data-widget_type=\"text-editor.default\">\n\t\t\t\t<div class=\"elementor-widget-container\">\n\t\t\t\t\t\t\t\t\t<p><strong>INFORMACI\u00d3N GENERAL<\/strong><br \/>En cumplimiento de lo dispuesto en el art\u00edculo 10 de la Ley 34\/2002, de 11 de julio, de Servicios de la Sociedad de la Informaci\u00f3n y de Comercio Electr\u00f3nico, se pone a disposici\u00f3n de los usuarios la siguiente informaci\u00f3n general del titular de este sitio web (en adelante, el \u201cPortal\u201d):<\/p><p><strong>Titular: CV BROKER BUSINESS &amp; LEGAL SOLUTIONS SL<\/strong><\/p><ul><li>NIF: B67494070<\/li><li>Domicilio: C\/ Catalina Gibaja 7, Local \u2013 48530 Ortuella, Vizcaya<\/li><li>Correo electr\u00f3nico: info@cvbroker.es<\/li><li>Datos registrales: Registro Mercantil de Vizcaya (a\u00f1adir tomo, folio y hoja si se desea)<\/li><\/ul><p><strong>CONDICIONES DE USO Y ACCESO AL PORTAL<\/strong><br \/>El acceso y uso del Portal est\u00e1n sujetos al presente Aviso Legal, sin perjuicio de que el acceso a determinados servicios o contenidos pueda requerir la aceptaci\u00f3n de condiciones adicionales.<\/p><p>El usuario se compromete a utilizar el Portal de conformidad con la ley, el presente Aviso Legal, la moral, el orden p\u00fablico y las buenas costumbres generalmente aceptadas. Asimismo, se abstendr\u00e1 de utilizar el Portal con fines o efectos il\u00edcitos, prohibidos o lesivos de derechos e intereses de terceros.<\/p><p>CV BROKER se reserva el derecho de modificar en cualquier momento y sin previo aviso la presentaci\u00f3n, configuraci\u00f3n, contenidos del Portal y del presente Aviso Legal.<\/p><p><strong>PROPIEDAD INTELECTUAL E INDUSTRIAL<\/strong><br \/>Todos los contenidos del Portal, incluyendo el dise\u00f1o gr\u00e1fico, logos, textos, im\u00e1genes, software y dem\u00e1s elementos que aparecen en el mismo, son titularidad de CV BROKER o de terceros que han autorizado su uso. Se proh\u00edbe expresamente su reproducci\u00f3n, distribuci\u00f3n, comunicaci\u00f3n p\u00fablica, transformaci\u00f3n o cualquier otro uso no autorizado, salvo consentimiento expreso por escrito de CV BROKER.<\/p><p><strong>RESPONSABILIDAD<\/strong><br \/>CV BROKER no garantiza la inexistencia de interrupciones o errores en el acceso al Portal o a su contenido, ni que estos se encuentren actualizados, aunque pondr\u00e1 todos los esfuerzos razonables para evitarlos o subsanarlos en su caso.<\/p><p>Tampoco se hace responsable de los da\u00f1os o perjuicios que pudieran derivarse de interferencias, omisiones, interrupciones, virus inform\u00e1ticos o desconexiones motivadas por causas ajenas al titular del Portal, ni de los da\u00f1os que pudieran ser causados por terceras personas mediante intromisiones ileg\u00edtimas fuera del control de CV BROKER.<\/p><p><strong>ENLACES Y SITIOS DE TERCEROS<\/strong><br \/>El Portal puede contener enlaces a sitios web de terceros. CV BROKER no se responsabiliza de los contenidos, servicios o cualquier otro aspecto relacionado con dichos sitios externos.<\/p><p>Cualquier enlace de terceros al presente Portal deber\u00e1 contar con la autorizaci\u00f3n previa y por escrito de CV BROKER. El establecimiento de dicho enlace no implica en ning\u00fan caso la existencia de relaciones entre CV BROKER y el propietario del sitio web desde el cual se realice, ni la aceptaci\u00f3n de sus contenidos o servicios.<\/p><p><strong>LEGISLACI\u00d3N APLICABLE<\/strong><br \/>El presente Aviso Legal se rige por la legislaci\u00f3n espa\u00f1ola. Para cualquier controversia que pudiera derivarse del acceso o uso del Portal, ambas partes se someten expresamente a los Juzgados y Tribunales de Vizcaya, salvo que la ley disponga otra cosa.<\/p><p><strong>POL\u00cdTICA DE PRIVACIDAD<\/strong><br \/>Para m\u00e1s informaci\u00f3n sobre el tratamiento de sus datos personales, puede consultar nuestra Pol\u00edtica de Privacidad (enlazar al documento correspondiente).<\/p>\t\t\t\t\t\t\t\t<\/div>\n\t\t\t\t<\/div>\n\t\t\t\t\t<\/div>\n\t\t\t\t<\/div>\n\t\t\t\t\t<\/div>\n\t\t\t\t<\/div>\n\t\t\t\t<\/div>\n\t\t","protected":false},"excerpt":{"rendered":"<p>AVISO LEGAL INFORMACI\u00d3N GENERALEn cumplimiento de lo dispuesto en el art\u00edculo 10 de la Ley 34\/2002, de 11 de julio, [&hellip;]<\/p>\n","protected":false},"author":1,"featured_media":0,"parent":0,"menu_order":0,"comment_status":"closed","ping_status":"closed","template":"","meta":{"site-sidebar-layout":"no-sidebar","site-content-layout":"","ast-site-content-layout":"full-width-container","site-content-style":"default","site-sidebar-style":"default","ast-global-header-display":"","ast-banner-title-visibility":"","ast-main-header-display":"","ast-hfb-above-header-display":"","ast-hfb-below-header-display":"","ast-hfb-mobile-header-display":"","site-post-title":"disabled","ast-breadcrumbs-content":"","ast-featured-img":"disabled","footer-sml-layout":"","ast-disable-related-posts":"","theme-transparent-header-meta":"","adv-header-id-meta":"","stick-header-meta":"","header-above-stick-meta":"","header-main-stick-meta":"","header-below-stick-meta":"","astra-migrate-meta-layouts":"default","ast-page-background-enabled":"default","ast-page-background-meta":{"desktop":{"background-color":"var(--ast-global-color-5)","background-image":"","background-repeat":"repeat","background-position":"center center","background-size":"auto","background-attachment":"scroll","background-type":"","background-media":"","overlay-type":"","overlay-color":"","overlay-opacity":"","overlay-gradient":""},"tablet":{"background-color":"","background-image":"","background-repeat":"repeat","background-position":"center center","background-size":"auto","background-attachment":"scroll","background-type":"","background-media":"","overlay-type":"","overlay-color":"","overlay-opacity":"","overlay-gradient":""},"mobile":{"background-color":"","background-image":"","background-repeat":"repeat","background-position":"center center","background-size":"auto","background-attachment":"scroll","background-type":"","background-media":"","overlay-type":"","overlay-color":"","overlay-opacity":"","overlay-gradient":""}},"ast-content-background-meta":{"desktop":{"background-color":"var(--ast-global-color-4)","background-image":"","background-repeat":"repeat","background-position":"center center","background-size":"auto","background-attachment":"scroll","background-type":"","background-media":"","overlay-type":"","overlay-color":"","overlay-opacity":"","overlay-gradient":""},"tablet":{"background-color":"var(--ast-global-color-4)","background-image":"","background-repeat":"repeat","background-position":"center center","background-size":"auto","background-attachment":"scroll","background-type":"","background-media":"","overlay-type":"","overlay-color":"","overlay-opacity":"","overlay-gradient":""},"mobile":{"background-color":"var(--ast-global-color-4)","background-image":"","background-repeat":"repeat","background-position":"center center","background-size":"auto","background-attachment":"scroll","background-type":"","background-media":"","overlay-type":"","overlay-color":"","overlay-opacity":"","overlay-gradient":""}},"footnotes":""},"class_list":["post-554","page","type-page","status-publish","hentry"],"yoast_head":"<!-- This site is optimized with the Yoast SEO plugin v26.8 - https:\/\/yoast.com\/product\/yoast-seo-wordpress\/ -->\n<title>Aviso Legal - CV Broker<\/title>\n<meta name=\"robots\" content=\"index, follow, max-snippet:-1, max-image-preview:large, max-video-preview:-1\" \/>\n<link rel=\"canonical\" href=\"https:\/\/www.cvbroker.es\/en\/aviso-legal\/\" \/>\n<meta property=\"og:locale\" content=\"en_US\" \/>\n<meta property=\"og:locale:alternate\" content=\"es_ES\" \/>\n<meta property=\"og:type\" content=\"article\" \/>\n<meta property=\"og:title\" content=\"Aviso Legal - CV Broker\" \/>\n<meta property=\"og:description\" content=\"AVISO LEGAL INFORMACI\u00d3N GENERALEn cumplimiento de lo dispuesto en el art\u00edculo 10 de la Ley 34\/2002, de 11 de julio, [&hellip;]\" \/>\n<meta property=\"og:url\" content=\"https:\/\/www.cvbroker.es\/en\/aviso-legal\/\" \/>\n<meta property=\"og:site_name\" content=\"CV Broker\" \/>\n<meta property=\"article:modified_time\" content=\"2025-03-27T18:26:21+00:00\" \/>\n<meta name=\"twitter:card\" content=\"summary_large_image\" \/>\n<meta name=\"twitter:label1\" content=\"Est. reading time\" \/>\n\t<meta name=\"twitter:data1\" content=\"3 minutes\" \/>\n<script type=\"application\/ld+json\" class=\"yoast-schema-graph\">{\"@context\":\"https:\/\/schema.org\",\"@graph\":[{\"@type\":\"WebPage\",\"@id\":\"https:\/\/www.cvbroker.es\/aviso-legal\/\",\"url\":\"https:\/\/www.cvbroker.es\/aviso-legal\/\",\"name\":\"Aviso Legal - CV Broker\",\"isPartOf\":{\"@id\":\"https:\/\/www.cvbroker.es\/#website\"},\"datePublished\":\"2025-02-16T20:42:18+00:00\",\"dateModified\":\"2025-03-27T18:26:21+00:00\",\"breadcrumb\":{\"@id\":\"https:\/\/www.cvbroker.es\/aviso-legal\/#breadcrumb\"},\"inLanguage\":\"en-US\",\"potentialAction\":[{\"@type\":\"ReadAction\",\"target\":[\"https:\/\/www.cvbroker.es\/aviso-legal\/\"]}]},{\"@type\":\"BreadcrumbList\",\"@id\":\"https:\/\/www.cvbroker.es\/aviso-legal\/#breadcrumb\",\"itemListElement\":[{\"@type\":\"ListItem\",\"position\":1,\"name\":\"Portada\",\"item\":\"https:\/\/www.cvbroker.es\/\"},{\"@type\":\"ListItem\",\"position\":2,\"name\":\"Aviso Legal\"}]},{\"@type\":\"WebSite\",\"@id\":\"https:\/\/www.cvbroker.es\/#website\",\"url\":\"https:\/\/www.cvbroker.es\/\",\"name\":\"CV Broker\",\"description\":\"CVBroker ofrece asesoramiento profesional y soluciones especializadas en gesti\u00f3n, consultor\u00eda y servicios corporativos. Conoce nuestros servicios y colaboradores.\",\"publisher\":{\"@id\":\"https:\/\/www.cvbroker.es\/#organization\"},\"potentialAction\":[{\"@type\":\"SearchAction\",\"target\":{\"@type\":\"EntryPoint\",\"urlTemplate\":\"https:\/\/www.cvbroker.es\/?s={search_term_string}\"},\"query-input\":{\"@type\":\"PropertyValueSpecification\",\"valueRequired\":true,\"valueName\":\"search_term_string\"}}],\"inLanguage\":\"en-US\"},{\"@type\":\"Organization\",\"@id\":\"https:\/\/www.cvbroker.es\/#organization\",\"name\":\"CV Broker\",\"url\":\"https:\/\/www.cvbroker.es\/\",\"logo\":{\"@type\":\"ImageObject\",\"inLanguage\":\"en-US\",\"@id\":\"https:\/\/www.cvbroker.es\/#\/schema\/logo\/image\/\",\"url\":\"https:\/\/www.cvbroker.es\/wp-content\/uploads\/2025\/02\/Recurso-5-100.jpg\",\"contentUrl\":\"https:\/\/www.cvbroker.es\/wp-content\/uploads\/2025\/02\/Recurso-5-100.jpg\",\"width\":275,\"height\":275,\"caption\":\"CV Broker\"},\"image\":{\"@id\":\"https:\/\/www.cvbroker.es\/#\/schema\/logo\/image\/\"}}]}<\/script>\n<!-- \/ Yoast SEO plugin. -->","yoast_head_json":{"title":"Aviso Legal - CV Broker","robots":{"index":"index","follow":"follow","max-snippet":"max-snippet:-1","max-image-preview":"max-image-preview:large","max-video-preview":"max-video-preview:-1"},"canonical":"https:\/\/www.cvbroker.es\/en\/aviso-legal\/","og_locale":"en_US","og_type":"article","og_title":"Aviso Legal - CV Broker","og_description":"AVISO LEGAL INFORMACI\u00d3N GENERALEn cumplimiento de lo dispuesto en el art\u00edculo 10 de la Ley 34\/2002, de 11 de julio, [&hellip;]","og_url":"https:\/\/www.cvbroker.es\/en\/aviso-legal\/","og_site_name":"CV Broker","article_modified_time":"2025-03-27T18:26:21+00:00","twitter_card":"summary_large_image","twitter_misc":{"Est. reading time":"3 minutes"},"schema":{"@context":"https:\/\/schema.org","@graph":[{"@type":"WebPage","@id":"https:\/\/www.cvbroker.es\/aviso-legal\/","url":"https:\/\/www.cvbroker.es\/aviso-legal\/","name":"Aviso Legal - CV Broker","isPartOf":{"@id":"https:\/\/www.cvbroker.es\/#website"},"datePublished":"2025-02-16T20:42:18+00:00","dateModified":"2025-03-27T18:26:21+00:00","breadcrumb":{"@id":"https:\/\/www.cvbroker.es\/aviso-legal\/#breadcrumb"},"inLanguage":"en-US","potentialAction":[{"@type":"ReadAction","target":["https:\/\/www.cvbroker.es\/aviso-legal\/"]}]},{"@type":"BreadcrumbList","@id":"https:\/\/www.cvbroker.es\/aviso-legal\/#breadcrumb","itemListElement":[{"@type":"ListItem","position":1,"name":"Portada","item":"https:\/\/www.cvbroker.es\/"},{"@type":"ListItem","position":2,"name":"Aviso Legal"}]},{"@type":"WebSite","@id":"https:\/\/www.cvbroker.es\/#website","url":"https:\/\/www.cvbroker.es\/","name":"CV Broker","description":"CVBroker ofrece asesoramiento profesional y soluciones especializadas en gesti\u00f3n, consultor\u00eda y servicios corporativos. Conoce nuestros servicios y colaboradores.","publisher":{"@id":"https:\/\/www.cvbroker.es\/#organization"},"potentialAction":[{"@type":"SearchAction","target":{"@type":"EntryPoint","urlTemplate":"https:\/\/www.cvbroker.es\/?s={search_term_string}"},"query-input":{"@type":"PropertyValueSpecification","valueRequired":true,"valueName":"search_term_string"}}],"inLanguage":"en-US"},{"@type":"Organization","@id":"https:\/\/www.cvbroker.es\/#organization","name":"CV Broker","url":"https:\/\/www.cvbroker.es\/","logo":{"@type":"ImageObject","inLanguage":"en-US","@id":"https:\/\/www.cvbroker.es\/#\/schema\/logo\/image\/","url":"https:\/\/www.cvbroker.es\/wp-content\/uploads\/2025\/02\/Recurso-5-100.jpg","contentUrl":"https:\/\/www.cvbroker.es\/wp-content\/uploads\/2025\/02\/Recurso-5-100.jpg","width":275,"height":275,"caption":"CV Broker"},"image":{"@id":"https:\/\/www.cvbroker.es\/#\/schema\/logo\/image\/"}}]}},"_links":{"self":[{"href":"https:\/\/www.cvbroker.es\/en\/wp-json\/wp\/v2\/pages\/554","targetHints":{"allow":["GET"]}}],"collection":[{"href":"https:\/\/www.cvbroker.es\/en\/wp-json\/wp\/v2\/pages"}],"about":[{"href":"https:\/\/www.cvbroker.es\/en\/wp-json\/wp\/v2\/types\/page"}],"author":[{"embeddable":true,"href":"https:\/\/www.cvbroker.es\/en\/wp-json\/wp\/v2\/users\/1"}],"replies":[{"embeddable":true,"href":"https:\/\/www.cvbroker.es\/en\/wp-json\/wp\/v2\/comments?post=554"}],"version-history":[{"count":16,"href":"https:\/\/www.cvbroker.es\/en\/wp-json\/wp\/v2\/pages\/554\/revisions"}],"predecessor-version":[{"id":771,"href":"https:\/\/www.cvbroker.es\/en\/wp-json\/wp\/v2\/pages\/554\/revisions\/771"}],"wp:attachment":[{"href":"https:\/\/www.cvbroker.es\/en\/wp-json\/wp\/v2\/media?parent=554"}],"curies":[{"name":"wp","href":"https:\/\/api.w.org\/{rel}","templated":true}]}}